{"id":762,"date":"2017-10-02T05:51:23","date_gmt":"2017-10-02T05:51:23","guid":{"rendered":"http:\/\/webitrangpur.com\/wp\/perfect\/?page_id=762"},"modified":"2021-06-04T13:41:54","modified_gmt":"2021-06-04T11:41:54","slug":"home-4","status":"publish","type":"page","link":"https:\/\/p-f-d.com\/","title":{"rendered":"Entrep\u00f4t de logistique"},"content":{"rendered":"<p><section id=\"home\" data-kc-fullwidth=\"content\" class=\"kc-elm kc-css-796902 kc_row\"><div class=\"kc-row-container\"><div class=\"kc-wrap-columns\"><div class=\"kc-elm kc-css-202036 kc_col-sm-12 kc_column kc_col-sm-12\"><div class=\"kc-col-container\">\r\n\t\r\n       <!-- INTRO -->\r\n        <section class=\"banner-area em-slick-slider-new kc-elm kc-css-352071\">\r\n           \r\n\r\n\r\n            <div class=\"single-slide slide-one-bg skbrop kc-elm kc-css-393628\" style=\"background-image:url(https:\/\/p-f-d.com\/wp-content\/uploads\/2021\/05\/entrepot-gestion-logistique-bordeaux-business.png)\t\">\r\n                 <div class=\"banner-content text-center\">\r\n                    <h1><span class=\"redX\">Partner France Distribution<\/span><\/h1>\r\n                    <h2>Vous recherchez un espace de stockage ?<\/h2>\r\n\t\t\t\t\t\r\n                    <p>Entrep\u00f4ts situ\u00e9s \u00e0 Solesmes ( 59 ) \u00e0 proximit\u00e9 de l'autoroute Paris-Bruxelles-Aix la Chapelle<\/p>\r\n                    <div class=\"b-batton\"><a class=\"btn btn-lg\" href=\"#\">Contactez-nous<\/a><\/div>                <\/div>\r\n            <\/div>\r\n\r\n\r\n\r\n\r\n\r\n\r\n\r\n\r\n\r\n\r\n\r\n\r\n\r\n\t           \r\n        <\/section>\r\n        <!-- \/INTRO -->\r\n\r\n\r\n\r\n\r\n\r\n\r\n\r\n\r\n\r\n\r\n\r\n\r\n\t<\/div><\/div><\/div><\/div><\/section><section id=\"Savoir-faire\" class=\"kc-elm kc-css-760911 kc_row\"><div class=\"kc-row-container  kc-container\"><div class=\"kc-wrap-columns\"><div class=\"kc-elm kc-css-919686 kc_col-sm-12 kc_column kc_col-sm-12\"><div class=\"kc-col-container\"><div class=\"kc-elm kc-css-23184 kc_row kc_row_inner\"><div class=\"kc-elm kc-css-263868 kc_col-sm-4 kc_column_inner kc_col-sm-4\"><div class=\"kc_wrapper kc-col-inner-container\">\t\r\n\t<div class=\"em-feature feature-container kc-elm kc-css-910995\">\r\n\t\t<div class=\"feature_box\">\r\n\t\t\r\n\t\t\t<div class=\"feature-front bkfbtn\">\r\n\t\t\t\t\t\t\t\t\t<div class=\"em_feature-icon\">\r\n\t\t\t\t\t\t<span><i class=\"fa-thumbs-up\"><\/i><\/span>\r\n\t\t\t\t\t<\/div>\t\t\t\r\n\t\t\t\t\t\t\t\t<div class=\"em_content_text\">\r\n\t\t\t\t\t<div class=\"em-feature-title\"><h2>30 ans d\u2019exp\u00e9rience<\/h2><\/div>\t\t\t\t\t<div class=\"em-feature-desc\">- Stockage\r\n- Pr\u00e9paration de commande\r\n- Gestion informatis\u00e9e en temps r\u00e9el\r\n- Tra\u00e7abilit\u00e9 des stocks temps r\u00e9el\r\n- Picking<\/div>\t\t\t\t<\/div>\r\n\t\t\t\t\t\t\t<\/div>\r\n\t\t\t\r\n\t\t\t\r\n\t\t\t<div class=\"feature-back\">\r\n\t\t\t\t\t\t\t\t\t<div class=\"em_feature-icon bkf\">\r\n\t\t\t\t\t\t<span><i class=\"fa-warehouse\"><\/i><\/span>\r\n\t\t\t\t\t<\/div>\t\t\t\r\n\t\t\t\t\t\t\t\t<div class=\"em_content_text bkdf\">\r\n\t\t\t\t\t<div class=\"em-feature-title\"><h2>13 zones ind\u00e9pendantes<\/h2><\/div>\t\t\t\t\t<div class=\"em-feature-desc\">23 000 m3 de stockage\r\n13 zones ind\u00e9pendantes\r\nQuais PL & VL<\/div>\t\t\t\t<\/div>\r\n\t\t\t\t\t\t\t<\/div>\r\n\t\t\t\r\n\t\t<\/div>\r\n\t<\/div>\r\n\t\t\r\n\t<\/div><\/div><div class=\"kc-elm kc-css-901927 kc_col-sm-4 kc_column_inner kc_col-sm-4\"><div class=\"kc_wrapper kc-col-inner-container\">\t\r\n\t<div class=\"em-feature feature-container kc-elm kc-css-874292\">\r\n\t\t<div class=\"feature_box\">\r\n\t\t\r\n\t\t\t<div class=\"feature-front bkfbtn\">\r\n\t\t\t\t\t\t\t\t\t<div class=\"em_feature-icon\">\r\n\t\t\t\t\t\t<span><i class=\"et-shield\"><\/i><\/span>\r\n\t\t\t\t\t<\/div>\t\t\t\r\n\t\t\t\t\t\t\t\t<div class=\"em_content_text\">\r\n\t\t\t\t\t<div class=\"em-feature-title\"><h2>La s\u00e9curit\u00e9 avant tout<\/h2><\/div>\t\t\t\t\t<div class=\"em-feature-desc\">25 ans d\u2019exp\u00e9rience\r\nClient\u00e8le industrielle, bancaire, m\u00e9dicale\u2026\r\nZones s\u00e9curis\u00e9es 24\/24<\/div>\t\t\t\t<\/div>\r\n\t\t\t\t\t\t\t<\/div>\r\n\t\t\t\r\n\t\t\t\r\n\t\t\t<div class=\"feature-back\">\r\n\t\t\t\t\t\t\t\t\t<div class=\"em_feature-icon bkf\">\r\n\t\t\t\t\t\t<span><i class=\"sl-camrecorder\"><\/i><\/span>\r\n\t\t\t\t\t<\/div>\t\t\t\r\n\t\t\t\t\t\t\t\t<div class=\"em_content_text bkdf\">\r\n\t\t\t\t\t<div class=\"em-feature-title\"><h2> 12 cellules d:apos:archives haute s\u00e9curit\u00e9  - 1200 m2 <\/h2><\/div>\t\t\t\t\t<div class=\"em-feature-desc\">Archivage haute s\u00e9curit\u00e9\r\n12 cellules d\u2019archives sur 1200 m2<\/div>\t\t\t\t<\/div>\r\n\t\t\t\t\t\t\t<\/div>\r\n\t\t\t\r\n\t\t<\/div>\r\n\t<\/div>\r\n\t\t\r\n\t<\/div><\/div><div class=\"kc-elm kc-css-96779 kc_col-sm-4 kc_column_inner kc_col-sm-4\"><div class=\"kc_wrapper kc-col-inner-container\">\t\r\n\t<div class=\"em-feature feature-container kc-elm kc-css-854011\">\r\n\t\t<div class=\"feature_box\">\r\n\t\t\r\n\t\t\t<div class=\"feature-front bkfbtn\">\r\n\t\t\t\t\t\t\t\t\t<div class=\"em_feature-icon\">\r\n\t\t\t\t\t\t<span><i class=\"fa-user\"><\/i><\/span>\r\n\t\t\t\t\t<\/div>\t\t\t\r\n\t\t\t\t\t\t\t\t<div class=\"em_content_text\">\r\n\t\t\t\t\t<div class=\"em-feature-title\"><h2>Nos clients <\/h2><\/div>\t\t\t\t\t<div class=\"em-feature-desc\">Eurocryospace, PPG, Distimex, Tremois ,Nicols , Henner,\r\nCompagnie G\u00e9n\u00e9rale de sant\u00e9\u2026\u2026<\/div>\t\t\t\t<\/div>\r\n\t\t\t\t\t\t\t<\/div>\r\n\t\t\t\r\n\t\t\t\r\n\t\t\t<div class=\"feature-back\">\r\n\t\t\t\t\t\t\t\t\t<div class=\"em_feature-icon bkf\">\r\n\t\t\t\t\t\t<span><i class=\"fa-user-plus\"><\/i><\/span>\r\n\t\t\t\t\t<\/div>\t\t\t\r\n\t\t\t\t\t\t\t\t<div class=\"em_content_text bkdf\">\r\n\t\t\t\t\t<div class=\"em-feature-title\"><h2>Notre client\u00e8le <\/h2><\/div>\t\t\t\t\t<div class=\"em-feature-desc\">Alimentaire, A\u00e9rospatial,\r\nAutomobile, Bancaire, M\u00e9dical,\r\nTextile, Parfumerie\u2026<\/div>\t\t\t\t<\/div>\r\n\t\t\t\t\t\t\t<\/div>\r\n\t\t\t\r\n\t\t<\/div>\r\n\t<\/div>\r\n\t\t\r\n\t<\/div><\/div><\/div><\/div><\/div><\/div><\/div><\/section><section id=\"about\" class=\"kc-elm kc-css-445799 kc_row\"><div class=\"kc-row-container  kc-container\"><div class=\"kc-wrap-columns\"><div class=\"kc-elm kc-css-808147 kc_col-sm-12 kc_column kc_col-sm-12\"><div class=\"kc-col-container\"><div class=\"kc-elm kc-css-66583 kc_row kc_row_inner\"><div class=\"kc-elm kc-css-614718 kc_col-sm-12 kc_column_inner kc_col-sm-12\"><div class=\"kc_wrapper kc-col-inner-container\"><div class=\"kc-image-gallery kc-elm kc-css-159599\">\n<div class=\"kc_image_gallery kc-carousel-image kc-grid \" data-image_masonry=\"yes\">\n<div class=\"item-grid grid-5\"><a class=\"kc-image-link kc-pretty-photo\" data-lightbox=\"kc-lightbox\" rel=\"kc-pretty-photo[41680396]\" href=\"https:\/\/p-f-d.com\/wp-content\/uploads\/2021\/05\/IMG_1203-scaled.jpg\"><img src=\"https:\/\/p-f-d.com\/wp-content\/uploads\/2021\/05\/IMG_1203-1024x768.jpg\" alt=\"Entrep\u00f4t avec deux quais et parking visiteurs\"\/><div class=\"kc-image-overlay\"><i class=\"fa-plus\"><\/i><\/div><\/a><\/div><div class=\"item-grid grid-5\"><a class=\"kc-image-link kc-pretty-photo\" data-lightbox=\"kc-lightbox\" rel=\"kc-pretty-photo[41680396]\" href=\"https:\/\/p-f-d.com\/wp-content\/uploads\/2021\/05\/IMG_1204-scaled.jpg\"><img src=\"https:\/\/p-f-d.com\/wp-content\/uploads\/2021\/05\/IMG_1204-1024x768.jpg\" alt=\"Entrep\u00f4t avec deux quais\"\/><div class=\"kc-image-overlay\"><i class=\"fa-plus\"><\/i><\/div><\/a><\/div><div class=\"item-grid grid-5\"><a class=\"kc-image-link kc-pretty-photo\" data-lightbox=\"kc-lightbox\" rel=\"kc-pretty-photo[41680396]\" href=\"https:\/\/p-f-d.com\/wp-content\/uploads\/2021\/05\/IMG_1195-scaled.jpg\"><img src=\"https:\/\/p-f-d.com\/wp-content\/uploads\/2021\/05\/IMG_1195-1024x768.jpg\" alt=\"Stockage de palette de lait\"\/><div class=\"kc-image-overlay\"><i class=\"fa-plus\"><\/i><\/div><\/a><\/div><div class=\"item-grid grid-5\"><a class=\"kc-image-link kc-pretty-photo\" data-lightbox=\"kc-lightbox\" rel=\"kc-pretty-photo[41680396]\" href=\"https:\/\/p-f-d.com\/wp-content\/uploads\/2021\/05\/IMG_1192-scaled.jpg\"><img src=\"https:\/\/p-f-d.com\/wp-content\/uploads\/2021\/05\/IMG_1192-1024x768.jpg\" alt=\"Stockage de palette de lait sur palettier automatis\u00e9\"\/><div class=\"kc-image-overlay\"><i class=\"fa-plus\"><\/i><\/div><\/a><\/div><div class=\"item-grid grid-5\"><a class=\"kc-image-link kc-pretty-photo\" data-lightbox=\"kc-lightbox\" rel=\"kc-pretty-photo[41680396]\" href=\"https:\/\/p-f-d.com\/wp-content\/uploads\/2021\/05\/stockage-25-a-2\u00b0-3.jpg\"><img src=\"https:\/\/p-f-d.com\/wp-content\/uploads\/2021\/05\/stockage-25-a-2\u00b0-3.jpg\" alt=\"stockage sur palettier automatis\u00e9\"\/><div class=\"kc-image-overlay\"><i class=\"fa-plus\"><\/i><\/div><\/a><\/div><div class=\"item-grid grid-5\"><a class=\"kc-image-link kc-pretty-photo\" data-lightbox=\"kc-lightbox\" rel=\"kc-pretty-photo[41680396]\" href=\"https:\/\/p-f-d.com\/wp-content\/uploads\/2021\/05\/stockage-25-a-2\u00b0-4.jpg\"><img src=\"https:\/\/p-f-d.com\/wp-content\/uploads\/2021\/05\/stockage-25-a-2\u00b0-4.jpg\" alt=\"stockage sur palettier\"\/><div class=\"kc-image-overlay\"><i class=\"fa-plus\"><\/i><\/div><\/a><\/div><div class=\"item-grid grid-5\"><a class=\"kc-image-link kc-pretty-photo\" data-lightbox=\"kc-lightbox\" rel=\"kc-pretty-photo[41680396]\" href=\"https:\/\/p-f-d.com\/wp-content\/uploads\/2021\/05\/stockage-25-a-2\u00b0-2.jpg\"><img src=\"https:\/\/p-f-d.com\/wp-content\/uploads\/2021\/05\/stockage-25-a-2\u00b0-2.jpg\" alt=\"stockage sur palettier automatis\u00e9\"\/><div class=\"kc-image-overlay\"><i class=\"fa-plus\"><\/i><\/div><\/a><\/div><div class=\"item-grid grid-5\"><a class=\"kc-image-link kc-pretty-photo\" data-lightbox=\"kc-lightbox\" rel=\"kc-pretty-photo[41680396]\" href=\"https:\/\/p-f-d.com\/wp-content\/uploads\/2021\/05\/carte.png\"><img src=\"https:\/\/p-f-d.com\/wp-content\/uploads\/2021\/05\/carte.png\" alt=\"Stockage de palettes au sol\"\/><div class=\"kc-image-overlay\"><i class=\"fa-plus\"><\/i><\/div><\/a><\/div><div class=\"item-grid grid-5\"><a class=\"kc-image-link kc-pretty-photo\" data-lightbox=\"kc-lightbox\" rel=\"kc-pretty-photo[41680396]\" href=\"https:\/\/p-f-d.com\/wp-content\/uploads\/2021\/05\/1.jpg\"><img src=\"https:\/\/p-f-d.com\/wp-content\/uploads\/2021\/05\/1.jpg\" alt=\"\u00e9quipements et salari\u00e9s form\u00e9s\"\/><div class=\"kc-image-overlay\"><i class=\"fa-plus\"><\/i><\/div><\/a><\/div><div class=\"item-grid grid-5\"><a class=\"kc-image-link kc-pretty-photo\" data-lightbox=\"kc-lightbox\" rel=\"kc-pretty-photo[41680396]\" href=\"https:\/\/p-f-d.com\/wp-content\/uploads\/2021\/05\/WP_20140623_006-scaled.jpg\"><img src=\"https:\/\/p-f-d.com\/wp-content\/uploads\/2021\/05\/WP_20140623_006-575x1024.jpg\" alt=\"stockage sur palettier\"\/><div class=\"kc-image-overlay\"><i class=\"fa-plus\"><\/i><\/div><\/a><\/div><div class=\"item-grid grid-5\"><a class=\"kc-image-link kc-pretty-photo\" data-lightbox=\"kc-lightbox\" rel=\"kc-pretty-photo[41680396]\" href=\"https:\/\/p-f-d.com\/wp-content\/uploads\/2021\/05\/IMG_20210511_074120-scaled.jpg\"><img src=\"https:\/\/p-f-d.com\/wp-content\/uploads\/2021\/05\/IMG_20210511_074120-1024x768.jpg\" alt=\"stockage sur palettier automatis\u00e9\"\/><div class=\"kc-image-overlay\"><i class=\"fa-plus\"><\/i><\/div><\/a><\/div><div class=\"item-grid grid-5\"><a class=\"kc-image-link kc-pretty-photo\" data-lightbox=\"kc-lightbox\" rel=\"kc-pretty-photo[41680396]\" href=\"https:\/\/p-f-d.com\/wp-content\/uploads\/2021\/05\/IMG_20210511_074126-scaled.jpg\"><img src=\"https:\/\/p-f-d.com\/wp-content\/uploads\/2021\/05\/IMG_20210511_074126-768x1024.jpg\" alt=\"stockage sur palettier automatis\u00e9\"\/><div class=\"kc-image-overlay\"><i class=\"fa-plus\"><\/i><\/div><\/a><\/div><div class=\"item-grid grid-5\"><a class=\"kc-image-link kc-pretty-photo\" data-lightbox=\"kc-lightbox\" rel=\"kc-pretty-photo[41680396]\" href=\"https:\/\/p-f-d.com\/wp-content\/uploads\/2021\/05\/stockage-sec-2.jpg\"><img src=\"https:\/\/p-f-d.com\/wp-content\/uploads\/2021\/05\/stockage-sec-2.jpg\" alt=\"Stockage d'archives en caisses\"\/><div class=\"kc-image-overlay\"><i class=\"fa-plus\"><\/i><\/div><\/a><\/div><div class=\"item-grid grid-5\"><a class=\"kc-image-link kc-pretty-photo\" data-lightbox=\"kc-lightbox\" rel=\"kc-pretty-photo[41680396]\" href=\"https:\/\/p-f-d.com\/wp-content\/uploads\/2021\/05\/Image1.png\"><img src=\"https:\/\/p-f-d.com\/wp-content\/uploads\/2021\/05\/Image1-1024x941.png\" alt=\"Caisses d'archives sur rayonnages\"\/><div class=\"kc-image-overlay\"><i class=\"fa-plus\"><\/i><\/div><\/a><\/div><div class=\"item-grid grid-5\"><a class=\"kc-image-link kc-pretty-photo\" data-lightbox=\"kc-lightbox\" rel=\"kc-pretty-photo[41680396]\" href=\"https:\/\/p-f-d.com\/wp-content\/uploads\/2021\/05\/archivage-5.jpg\"><img src=\"https:\/\/p-f-d.com\/wp-content\/uploads\/2021\/05\/archivage-5.jpg\" alt=\"Caisses d'archives - lieu s\u00e9curis\u00e9\"\/><div class=\"kc-image-overlay\"><i class=\"fa-plus\"><\/i><\/div><\/a><\/div><div class=\"item-grid grid-5\"><a class=\"kc-image-link kc-pretty-photo\" data-lightbox=\"kc-lightbox\" rel=\"kc-pretty-photo[41680396]\" href=\"https:\/\/p-f-d.com\/wp-content\/uploads\/2021\/05\/archivage-4-e1622016677866.jpg\"><img src=\"https:\/\/p-f-d.com\/wp-content\/uploads\/2021\/05\/archivage-4-e1622016677866.jpg\" alt=\"Stockage d'archives - haute s\u00e9curis\u00e9\"\/><div class=\"kc-image-overlay\"><i class=\"fa-plus\"><\/i><\/div><\/a><\/div><div class=\"item-grid grid-5\"><a class=\"kc-image-link kc-pretty-photo\" data-lightbox=\"kc-lightbox\" rel=\"kc-pretty-photo[41680396]\" href=\"https:\/\/p-f-d.com\/wp-content\/uploads\/2021\/05\/archivage-2.jpg\"><img src=\"https:\/\/p-f-d.com\/wp-content\/uploads\/2021\/05\/archivage-2.jpg\" alt=\"Caisses d'archives sur rayonnages\"\/><div class=\"kc-image-overlay\"><i class=\"fa-plus\"><\/i><\/div><\/a><\/div><\/div>\n<\/div><\/div><\/div><\/div><\/div><\/div><\/div><\/div><\/section><section id=\"MAP\" class=\"kc-elm kc-css-202729 kc_row\"><div class=\"kc-row-container  kc-container\"><div class=\"kc-wrap-columns\"><div class=\"kc-elm kc-css-355734 kc_col-sm-12 kc_column kc_col-sm-12\"><div class=\"kc-col-container\">\r\t<div class=\"kc-elm kc-css-325719 \">\r\r\t\t<div class=\"section-title  t_center\">\r\r\t\t\t<h2>Id\u00e9alement situ\u00e9<\/h2>\r\t\t\t\r\t\t\t\r\t\t\t\t\t\t\r\t\t\t\t\r\t\t\t\r\t\t\t\r\t\t\t\t\t\t\r\t\t\t\r\t\t\t\r\r\t\t\t\r\t\t<\/div>\t\r\r\t<\/div>\r\r\t\r\n\r\n\r\n\t\t\t\t\t<div class=\"em-single-imageslide\">\r\n\t\t\t\t\t\t\t\t\t\t\r\n\t\t\t\t\t\t<img src=\"https:\/\/p-f-d.com\/wp-content\/uploads\/2021\/05\/carte2-1.jpg\" alt=\"image\" \/>\r\n\t\t\t\t\t\r\n\t\t\t\t\t\t\t\t\t\t\r\n\t\t\t\t\t<\/div>\t\r\n    \r\n\r\n\r\n\r\n\t<\/div><\/div><\/div><\/div><\/section><section id=\"contact\" class=\"kc-elm kc-css-602279 kc_row\"><div class=\"kc-row-container  kc-container\"><div class=\"kc-wrap-columns\"><div class=\"kc-elm kc-css-233366 kc_col-sm-12 kc_column kc_col-sm-12\"><div class=\"kc-col-container\">\r\t<div class=\"kc-elm kc-css-358760 \">\r\r\t\t<div class=\"section-title  t_center\">\r\r\t\t\t<h2>Nous <span>contacter<\/span><\/h2>\r\t\t\t\r\t\t\t\r\t\t\t\t\t\t\r\t\t\t\t\r\t\t\t\r\t\t\t\r\t\t\t\t\t\t\r\t\t\t\r\t\t\t\r\r\t\t\t\r\t\t\t<p class=\" text-alignm\">Notre service commercial vous contactera dans les plus brefs d\u00e9lais.<\/p>\r\r\t\t\r\t\t<\/div>\t\r\r\t<\/div>\r\r\t<\/div><\/div><\/div><\/div><\/section><section class=\"kc-elm kc-css-44203 kc_row contact-default\"><div class=\"kc-row-container  kc-container\"><div class=\"kc-wrap-columns\"><div class=\"kc-elm kc-css-791019 kc_col-sm-12 kc_column kc_col-sm-12\"><div class=\"kc-col-container\"><div class=\"kc-elm kc-css-418830 kc_row kc_row_inner\"><div class=\"kc-elm kc-css-593987 kc_col-sm-8 kc_column_inner kc_col-sm-8\"><div class=\"kc_wrapper kc-col-inner-container\"><div class=\"kc-contact-form7 kc-elm kc-css-680641\"><div role=\"form\" class=\"wpcf7\" id=\"wpcf7-f527-o1\" lang=\"en-US\" dir=\"ltr\">\n<div class=\"screen-reader-response\"><p role=\"status\" aria-live=\"polite\" aria-atomic=\"true\"><\/p> <ul><\/ul><\/div>\n<form action=\"\/index.php\/wp-json\/wp\/v2\/pages\/762#wpcf7-f527-o1\" method=\"post\" class=\"wpcf7-form init\" novalidate=\"novalidate\" data-status=\"init\">\n<div style=\"display: none;\">\n<input type=\"hidden\" name=\"_wpcf7\" value=\"527\" \/>\n<input type=\"hidden\" name=\"_wpcf7_version\" value=\"5.4.1\" \/>\n<input type=\"hidden\" name=\"_wpcf7_locale\" value=\"en_US\" \/>\n<input type=\"hidden\" name=\"_wpcf7_unit_tag\" value=\"wpcf7-f527-o1\" \/>\n<input type=\"hidden\" name=\"_wpcf7_container_post\" value=\"0\" \/>\n<input type=\"hidden\" name=\"_wpcf7_posted_data_hash\" value=\"\" \/>\n<\/div>\n<div class=\"form-area contact-2\">\n<div class=\"form-inner\">\n<div class=\"form-title\">\n<\/div>\n<div class=\"form-controls\">\n<div class=\"field topfield\">\n<div class=\"form-field\">\n<span class=\"wpcf7-form-control-wrap text-19\"><input type=\"text\" name=\"text-19\" value=\"\" size=\"40\" class=\"wpcf7-form-control wpcf7-text wpcf7-validates-as-required\" aria-required=\"true\" aria-invalid=\"false\" placeholder=\"Votre Nom \/ Pr\u00e9nom\" \/><\/span>\n<\/div>\n<div class=\"form-field\">\n<span class=\"wpcf7-form-control-wrap email-380\"><input type=\"email\" name=\"email-380\" value=\"\" size=\"40\" class=\"wpcf7-form-control wpcf7-text wpcf7-email wpcf7-validates-as-required wpcf7-validates-as-email\" aria-required=\"true\" aria-invalid=\"false\" placeholder=\"Votre adresse email\" \/><\/span>\n<\/div>\n<div class=\"form-field\">\n<span class=\"wpcf7-form-control-wrap Numrodetlphone\"><input type=\"tel\" name=\"Numrodetlphone\" value=\"\" size=\"40\" class=\"wpcf7-form-control wpcf7-text wpcf7-tel wpcf7-validates-as-tel\" aria-invalid=\"false\" placeholder=\"Votre Num\u00e9ro de t\u00e9l\u00e9phone\" \/><\/span>\n<\/div>\n<\/div>\n<div class=\"field\">\n<div class=\"text_area\">\n<span class=\"wpcf7-form-control-wrap textarea-234\"><textarea name=\"textarea-234\" cols=\"40\" rows=\"10\" class=\"wpcf7-form-control wpcf7-textarea\" aria-invalid=\"false\" placeholder=\"Votre question\"><\/textarea><\/span>\n<\/div>\n<\/div>\n<div class=\"field\">\n<div class=\"buttons\">\n<input type=\"submit\" value=\"Envoyer\" class=\"wpcf7-form-control wpcf7-submit sbuton\" \/>\n<\/div>\n<\/div>\n<\/div>\n<\/div>\n<\/div>\n<div class=\"wpcf7-response-output\" aria-hidden=\"true\"><\/div><\/form><\/div><\/div><\/div><\/div><div class=\"kc-elm kc-css-143612 kc_col-sm-4 kc_column_inner kc_col-sm-4\"><div class=\"kc_wrapper kc-col-inner-container\"><div class=\"kc-elm kc-css-795222 kc-feature-boxes kc-fb-layout-3\">\n\n\t<div class=\"content-icon\"><i class=\"sl-location-pin\"><\/i><\/div><div class=\"box-right\"><div class=\"content-title\">Adresse de l:apos:entrep\u00f4t<\/div><div class=\"content-desc\">40 avenue Aristide Briand\r\n59730 Solesmes<\/div><\/div>\n<\/div>\n<div class=\"kc-elm kc-css-650219 kc-feature-boxes kc-fb-layout-3\">\n\n\t<div class=\"content-icon\"><i class=\"fa-phone\"><\/i><\/div><div class=\"box-right\"><div class=\"content-title\">Nous appeler par t\u00e9l\u00e9phone<\/div><div class=\"content-desc\">06.07.64.38.76<\/div><\/div>\n<\/div>\n<div class=\"kc-elm kc-css-167310 kc-feature-boxes kc-fb-layout-3\">\n\n\t<div class=\"content-icon\"><i class=\"fa-envelope\"><\/i><\/div><div class=\"box-right\"><div class=\"content-title\">Envoyer un email<\/div><div class=\"content-desc\">e.carlier@p-f-d.com<\/div><\/div>\n<\/div>\n<\/div><\/div><\/div><\/div><\/div><\/div><\/div><\/section><\/p>\n","protected":false},"excerpt":{"rendered":"","protected":false},"author":1,"featured_media":0,"parent":0,"menu_order":0,"comment_status":"closed","ping_status":"closed","template":"template-home.php","meta":{"_monsterinsights_skip_tracking":false,"_monsterinsights_sitenote_active":false,"_monsterinsights_sitenote_note":"","_monsterinsights_sitenote_category":0},"_links":{"self":[{"href":"https:\/\/p-f-d.com\/index.php\/wp-json\/wp\/v2\/pages\/762"}],"collection":[{"href":"https:\/\/p-f-d.com\/index.php\/wp-json\/wp\/v2\/pages"}],"about":[{"href":"https:\/\/p-f-d.com\/index.php\/wp-json\/wp\/v2\/types\/page"}],"author":[{"embeddable":true,"href":"https:\/\/p-f-d.com\/index.php\/wp-json\/wp\/v2\/users\/1"}],"replies":[{"embeddable":true,"href":"https:\/\/p-f-d.com\/index.php\/wp-json\/wp\/v2\/comments?post=762"}],"version-history":[{"count":89,"href":"https:\/\/p-f-d.com\/index.php\/wp-json\/wp\/v2\/pages\/762\/revisions"}],"predecessor-version":[{"id":2700,"href":"https:\/\/p-f-d.com\/index.php\/wp-json\/wp\/v2\/pages\/762\/revisions\/2700"}],"wp:attachment":[{"href":"https:\/\/p-f-d.com\/index.php\/wp-json\/wp\/v2\/media?parent=762"}],"curies":[{"name":"wp","href":"https:\/\/api.w.org\/{rel}","templated":true}]}}